{"id":1370,"date":"2024-03-15T12:33:14","date_gmt":"2024-03-15T17:33:14","guid":{"rendered":"https:\/\/innovaction.cloud\/?page_id=1370"},"modified":"2025-09-06T13:04:49","modified_gmt":"2025-09-06T18:04:49","slug":"servicios","status":"publish","type":"page","link":"https:\/\/innovaction.cloud\/?page_id=1370","title":{"rendered":"Servicios"},"content":{"rendered":"\t\t<div data-elementor-type=\"wp-page\" data-elementor-id=\"1370\" class=\"elementor elementor-1370\" data-elementor-post-type=\"page\">\n\t\t\t\t<div class=\"elementor-element elementor-element-78e0669 e-con-full e-flex e-con e-parent\" data-id=\"78e0669\" data-element_type=\"container\" data-e-type=\"container\" data-settings=\"{&quot;background_background&quot;:&quot;video&quot;,&quot;background_video_link&quot;:&quot;https:\\\/\\\/innovaction.cloud\\\/wp-content\\\/uploads\\\/2025\\\/09\\\/1109251_1080p_4k_1280x720.mp4&quot;,&quot;background_play_on_mobile&quot;:&quot;yes&quot;,&quot;shape_divider_top&quot;:&quot;mountains&quot;}\">\n\t\t<div class=\"elementor-background-video-container\">\n\t\t\t\t\t\t\t<video class=\"elementor-background-video-hosted\" role=\"presentation\" autoplay muted playsinline loop><\/video>\n\t\t\t\t\t<\/div>\t\t<div class=\"elementor-shape elementor-shape-top\" aria-hidden=\"true\" data-negative=\"false\">\n\t\t\t<svg xmlns=\"http:\/\/www.w3.org\/2000\/svg\" viewBox=\"0 0 1000 100\" preserveAspectRatio=\"none\">\n\t<path class=\"elementor-shape-fill\" opacity=\"0.33\" d=\"M473,67.3c-203.9,88.3-263.1-34-320.3,0C66,119.1,0,59.7,0,59.7V0h1000v59.7 c0,0-62.1,26.1-94.9,29.3c-32.8,3.3-62.8-12.3-75.8-22.1C806,49.6,745.3,8.7,694.9,4.7S492.4,59,473,67.3z\"\/>\n\t<path class=\"elementor-shape-fill\" opacity=\"0.66\" d=\"M734,67.3c-45.5,0-77.2-23.2-129.1-39.1c-28.6-8.7-150.3-10.1-254,39.1 s-91.7-34.4-149.2,0C115.7,118.3,0,39.8,0,39.8V0h1000v36.5c0,0-28.2-18.5-92.1-18.5C810.2,18.1,775.7,67.3,734,67.3z\"\/>\n\t<path class=\"elementor-shape-fill\" d=\"M766.1,28.9c-200-57.5-266,65.5-395.1,19.5C242,1.8,242,5.4,184.8,20.6C128,35.8,132.3,44.9,89.9,52.5C28.6,63.7,0,0,0,0 h1000c0,0-9.9,40.9-83.6,48.1S829.6,47,766.1,28.9z\"\/>\n<\/svg>\t\t<\/div>\n\t\t<div class=\"elementor-element elementor-element-6125f96 e-con-full e-flex e-con e-child\" data-id=\"6125f96\" data-element_type=\"container\" data-e-type=\"container\">\n\t\t\t\t<div class=\"elementor-element elementor-element-2c78a89 elementor-widget elementor-widget-heading\" data-id=\"2c78a89\" data-element_type=\"widget\" data-e-type=\"widget\" data-widget_type=\"heading.default\">\n\t\t\t\t<div class=\"elementor-widget-container\">\n\t\t\t\t\t<h2 class=\"elementor-heading-title elementor-size-default\">Descubre nuestros servicios especializados<\/h2>\t\t\t\t<\/div>\n\t\t\t\t<\/div>\n\t\t\t\t<div class=\"elementor-element elementor-element-11c7573 elementor-widget elementor-widget-text-editor\" data-id=\"11c7573\" data-element_type=\"widget\" data-e-type=\"widget\" data-widget_type=\"text-editor.default\">\n\t\t\t\t<div class=\"elementor-widget-container\">\n\t\t\t\t\t\t\t\t\t<p>Transformando ideas en soluciones innovadoras<\/p>\t\t\t\t\t\t\t\t<\/div>\n\t\t\t\t<\/div>\n\t\t\t\t<\/div>\n\t\t\t\t<\/div>\n\t\t<div class=\"elementor-element elementor-element-4228aad e-flex e-con-boxed e-con e-parent\" data-id=\"4228aad\" data-element_type=\"container\" data-e-type=\"container\" data-settings=\"{&quot;background_background&quot;:&quot;classic&quot;}\">\n\t\t\t\t\t<div class=\"e-con-inner\">\n\t\t<div class=\"elementor-element elementor-element-2b36a6e e-con-full e-flex e-con e-child\" data-id=\"2b36a6e\" data-element_type=\"container\" data-e-type=\"container\">\n\t\t<div class=\"elementor-element elementor-element-d541624 e-flex e-con-boxed e-con e-child\" data-id=\"d541624\" data-element_type=\"container\" data-e-type=\"container\" data-settings=\"{&quot;background_background&quot;:&quot;classic&quot;}\">\n\t\t\t\t\t<div class=\"e-con-inner\">\n\t\t\t\t<div class=\"elementor-element elementor-element-6227938 elementor-widget-divider--view-line elementor-widget elementor-widget-divider\" data-id=\"6227938\" data-element_type=\"widget\" data-e-type=\"widget\" data-widget_type=\"divider.default\">\n\t\t\t\t<div class=\"elementor-widget-container\">\n\t\t\t\t\t\t\t<div class=\"elementor-divider\">\n\t\t\t<span class=\"elementor-divider-separator\">\n\t\t\t\t\t\t<\/span>\n\t\t<\/div>\n\t\t\t\t\t\t<\/div>\n\t\t\t\t<\/div>\n\t\t\t\t<div class=\"elementor-element elementor-element-b38f727 elementor-widget elementor-widget-heading\" data-id=\"b38f727\" data-element_type=\"widget\" data-e-type=\"widget\" data-widget_type=\"heading.default\">\n\t\t\t\t<div class=\"elementor-widget-container\">\n\t\t\t\t\t<h3 class=\"elementor-heading-title elementor-size-default\">Linea de servicios<\/h3>\t\t\t\t<\/div>\n\t\t\t\t<\/div>\n\t\t\t\t<div class=\"elementor-element elementor-element-857288a elementor-widget-divider--view-line elementor-widget elementor-widget-divider\" data-id=\"857288a\" data-element_type=\"widget\" data-e-type=\"widget\" data-widget_type=\"divider.default\">\n\t\t\t\t<div class=\"elementor-widget-container\">\n\t\t\t\t\t\t\t<div class=\"elementor-divider\">\n\t\t\t<span class=\"elementor-divider-separator\">\n\t\t\t\t\t\t<\/span>\n\t\t<\/div>\n\t\t\t\t\t\t<\/div>\n\t\t\t\t<\/div>\n\t\t<div class=\"elementor-element elementor-element-542029c e-con-full e-flex e-con e-child\" data-id=\"542029c\" data-element_type=\"container\" data-e-type=\"container\">\n\t\t\t\t<div class=\"elementor-element elementor-element-b21a067 elementor-widget elementor-widget-html\" data-id=\"b21a067\" data-element_type=\"widget\" data-e-type=\"widget\" data-widget_type=\"html.default\">\n\t\t\t\t<div class=\"elementor-widget-container\">\n\t\t\t\t\t<div class=\"cards-container\">\r\n  <div class=\"card\">\r\n    <div class=\"icon\">\r\n      <i class=\"fas fa-rocket\"><\/i>\r\n    <\/div>\r\n    <h3>SPEEDUP<\/h3>\r\n    <p>Servicio en la nube para el fortalecimiento y aceleramiento de microempresas con potencial innovador. Una vez cumplas con SpeedUp, se vivir\u00e1 mejor la experiencia de CCrea.<\/p>\r\n  <\/div>\r\n\r\n  <div class=\"card\">\r\n    <div class=\"icon\">\r\n      <i class=\"fas fa-lightbulb\"><\/i>\r\n    <\/div>\r\n    <h3>CCREA<\/h3>\r\n    <p>Servicio en la nube para la co-creaci\u00f3n y\/o consolidaci\u00f3n de proyectos de Ciencia, Tecnolog\u00eda e Innovaci\u00f3n. En este servicio, se alista a las empresas para comenzar a trabajar en un proyecto.<\/p>\r\n  <\/div>\r\n\r\n  <div class=\"card\">\r\n    <div class=\"icon\">\r\n      <i class=\"fas fa-network-wired\"><\/i>\r\n    <\/div>\r\n    <h3>CON\u00c9CTATE<\/h3>\r\n    <p>Se brindan conexiones como parte de una red colaborativa conformada por personas o entidades p\u00fablicas y privadas. Esta red conecta capacidades de Ciencia, Tecnolog\u00eda e Innovaci\u00f3n.<\/p>\r\n  <\/div>\r\n<\/div>\r\n\t\t\t\t<\/div>\n\t\t\t\t<\/div>\n\t\t\t\t<\/div>\n\t\t\t\t\t<\/div>\n\t\t\t\t<\/div>\n\t\t\t\t<\/div>\n\t\t\t\t\t<\/div>\n\t\t\t\t<\/div>\n\t\t<div class=\"elementor-element elementor-element-9ba0850 e-flex e-con-boxed e-con e-parent\" data-id=\"9ba0850\" data-element_type=\"container\" data-e-type=\"container\" data-settings=\"{&quot;background_background&quot;:&quot;classic&quot;}\">\n\t\t\t\t\t<div class=\"e-con-inner\">\n\t\t<div class=\"elementor-element elementor-element-4f8691c e-con-full e-flex e-con e-child\" data-id=\"4f8691c\" data-element_type=\"container\" data-e-type=\"container\">\n\t\t<div class=\"elementor-element elementor-element-0131bfa e-flex e-con-boxed e-con e-child\" data-id=\"0131bfa\" data-element_type=\"container\" data-e-type=\"container\" data-settings=\"{&quot;background_background&quot;:&quot;classic&quot;}\">\n\t\t\t\t\t<div class=\"e-con-inner\">\n\t\t\t\t<div class=\"elementor-element elementor-element-9e083da elementor-widget-divider--view-line elementor-widget elementor-widget-divider\" data-id=\"9e083da\" data-element_type=\"widget\" data-e-type=\"widget\" data-widget_type=\"divider.default\">\n\t\t\t\t<div class=\"elementor-widget-container\">\n\t\t\t\t\t\t\t<div class=\"elementor-divider\">\n\t\t\t<span class=\"elementor-divider-separator\">\n\t\t\t\t\t\t<\/span>\n\t\t<\/div>\n\t\t\t\t\t\t<\/div>\n\t\t\t\t<\/div>\n\t\t\t\t<div class=\"elementor-element elementor-element-606813f elementor-widget elementor-widget-heading\" data-id=\"606813f\" data-element_type=\"widget\" data-e-type=\"widget\" data-widget_type=\"heading.default\">\n\t\t\t\t<div class=\"elementor-widget-container\">\n\t\t\t\t\t<h3 class=\"elementor-heading-title elementor-size-default\">Otros servicios<\/h3>\t\t\t\t<\/div>\n\t\t\t\t<\/div>\n\t\t\t\t<div class=\"elementor-element elementor-element-eda6242 elementor-widget-divider--view-line elementor-widget elementor-widget-divider\" data-id=\"eda6242\" data-element_type=\"widget\" data-e-type=\"widget\" data-widget_type=\"divider.default\">\n\t\t\t\t<div class=\"elementor-widget-container\">\n\t\t\t\t\t\t\t<div class=\"elementor-divider\">\n\t\t\t<span class=\"elementor-divider-separator\">\n\t\t\t\t\t\t<\/span>\n\t\t<\/div>\n\t\t\t\t\t\t<\/div>\n\t\t\t\t<\/div>\n\t\t\t\t\t<\/div>\n\t\t\t\t<\/div>\n\t\t<div class=\"elementor-element elementor-element-7df3aa2 e-con-full e-flex e-con e-child\" data-id=\"7df3aa2\" data-element_type=\"container\" data-e-type=\"container\">\n\t\t\t\t<div class=\"elementor-element elementor-element-336e1a4 elementor-widget elementor-widget-html\" data-id=\"336e1a4\" data-element_type=\"widget\" data-e-type=\"widget\" data-widget_type=\"html.default\">\n\t\t\t\t<div class=\"elementor-widget-container\">\n\t\t\t\t\t<div class=\"cards\">\r\n  <!-- Card 1 -->\r\n  <div class=\"card\">\r\n    <div class=\"card-inner\">\r\n      <div class=\"card-front\">\r\n        <i class=\"fas fa-user-tie\"><\/i>\r\n        <h3>Consultor\u00edas T\u00e9cnicas<\/h3>\r\n        <p>Especializadas en I+D+i<\/p>\r\n      <\/div>\r\n      <div class=\"card-back\">\r\n        <h4>Servicios<\/h4>\r\n        <ul>\r\n          <li>\u2705 Dise\u00f1os<\/li>\r\n          <li>\u2705 Estructuraci\u00f3n de documentos<\/li>\r\n          <li>\u2705 Validaciones<\/li>\r\n          <li>\u2705 Coordinaci\u00f3n de proyectos CTI<\/li>\r\n          <li>\u2705 Evaluaci\u00f3n de proyectos<\/li>\r\n          <li>\u2705 Formaci\u00f3n asociada al CTI<\/li>\r\n        <\/ul>\r\n      <\/div>\r\n    <\/div>\r\n  <\/div>\r\n\r\n  <!-- Card 2 -->\r\n  <div class=\"card\">\r\n    <div class=\"card-inner\">\r\n      <div class=\"card-front\">\r\n        <i class=\"fas fa-laptop-code\"><\/i>\r\n        <h3>Transformaci\u00f3n Digital<\/h3>\r\n        <p>Soporte a procesos<\/p>\r\n      <\/div>\r\n      <div class=\"card-back\">\r\n        <h4>Servicios<\/h4>\r\n        <ul>\r\n          <li>\u2705 Diagn\u00f3stico de madurez digital<\/li>\r\n          <li>\u2705 Desarrollo de software y plataformas<\/li>\r\n          <li>\u2705 Plan de marketing digital<\/li>\r\n          <li>\u2705 Fortalecimiento empresarial digital<\/li>\r\n        <\/ul>\r\n      <\/div>\r\n    <\/div>\r\n  <\/div>\r\n\r\n  <!-- Card 3 -->\r\n  <div class=\"card\">\r\n    <div class=\"card-inner\">\r\n      <div class=\"card-front\">\r\n        <i class=\"fas fa-clipboard-check\"><\/i>\r\n        <h3>Auditor\u00eda de Calidad<\/h3>\r\n        <p>Servicio t\u00e9cnico especializado<\/p>\r\n      <\/div>\r\n      <div class=\"card-back\">\r\n        <h4>Servicios<\/h4>\r\n        <ul>\r\n          <li>\u2705 Dise\u00f1o de sistemas de gesti\u00f3n<\/li>\r\n          <li>\u2705 Implementaci\u00f3n de calidad<\/li>\r\n          <li>\u2705 Registro \u00fanico de proponentes<\/li>\r\n          <li>\u2705 Asesor\u00eda en creaci\u00f3n de RUP<\/li>\r\n        <\/ul>\r\n      <\/div>\r\n    <\/div>\r\n  <\/div>\r\n\r\n  <!-- Card 4 -->\r\n  <div class=\"card\">\r\n    <div class=\"card-inner\">\r\n      <div class=\"card-front\">\r\n        <i class=\"fas fa-lightbulb\"><\/i>\r\n        <h3>Asesor\u00eda en Reconocimiento<\/h3>\r\n        <p>Actores del Sistema Nacional de CTI<\/p>\r\n      <\/div>\r\n      <div class=\"card-back\">\r\n        <h4>Servicios<\/h4>\r\n        <ul>\r\n          <li>\u2705 Centros e Institutos de Investigaci\u00f3n<\/li>\r\n          <li>\u2705 Centros de Desarrollo Tecnol\u00f3gico<\/li>\r\n          <li>\u2705 Centros de Innovaci\u00f3n y Productividad<\/li>\r\n          <li>\u2705 Unidades de I+D+i empresariales<\/li>\r\n          <li>\u2705 Empresas Altamente Innovadoras (EAI)<\/li>\r\n          <li>\u2705 Incubadoras de Empresas de Base Tecnol\u00f3gica<\/li>\r\n          <li>\u2705 Oficinas de Transferencia de Resultados (OTRI)<\/li>\r\n          <li>\u2705 Parques Cient\u00edficos y Tecnol\u00f3gicos<\/li>\r\n        <\/ul>\r\n      <\/div>\r\n    <\/div>\r\n  <\/div>\r\n<\/div>\r\n\t\t\t\t<\/div>\n\t\t\t\t<\/div>\n\t\t\t\t<\/div>\n\t\t\t\t<\/div>\n\t\t\t\t\t<\/div>\n\t\t\t\t<\/div>\n\t\t\t\t<\/div>\n\t\t","protected":false},"excerpt":{"rendered":"<p>Descubre nuestros servicios especializados Transformando ideas en soluciones innovadoras Linea de servicios SPEEDUP Servicio en la nube para el fortalecimiento y aceleramiento de microempresas con potencial innovador. Una vez cumplas con SpeedUp, se vivir\u00e1 mejor la experiencia de CCrea. CCREA Servicio en la nube para la co-creaci\u00f3n y\/o consolidaci\u00f3n de proyectos de Ciencia, Tecnolog\u00eda e [&hellip;]<\/p>\n","protected":false},"author":1,"featured_media":0,"parent":0,"menu_order":0,"comment_status":"closed","ping_status":"closed","template":"","meta":{"_eb_attr":"","site-sidebar-layout":"no-sidebar","site-content-layout":"page-builder","ast-site-content-layout":"full-width-container","site-content-style":"default","site-sidebar-style":"default","ast-global-header-display":"","ast-banner-title-visibility":"","ast-main-header-display":"","ast-hfb-above-header-display":"","ast-hfb-below-header-display":"","ast-hfb-mobile-header-display":"","site-post-title":"disabled","ast-breadcrumbs-content":"","ast-featured-img":"disabled","footer-sml-layout":"","theme-transparent-header-meta":"","adv-header-id-meta":"","stick-header-meta":"","header-above-stick-meta":"","header-main-stick-meta":"","header-below-stick-meta":"","astra-migrate-meta-layouts":"default","ast-page-background-enabled":"default","ast-page-background-meta":{"desktop":{"background-color":"var(--ast-global-color-4)","background-image":"","background-repeat":"repeat","background-position":"center center","background-size":"auto","background-attachment":"scroll","background-type":"","background-media":"","overlay-type":"","overlay-color":"","overlay-opacity":"","overlay-gradient":""},"tablet":{"background-color":"","background-image":"","background-repeat":"repeat","background-position":"center center","background-size":"auto","background-attachment":"scroll","background-type":"","background-media":"","overlay-type":"","overlay-color":"","overlay-opacity":"","overlay-gradient":""},"mobile":{"background-color":"","background-image":"","background-repeat":"repeat","background-position":"center center","background-size":"auto","background-attachment":"scroll","background-type":"","background-media":"","overlay-type":"","overlay-color":"","overlay-opacity":"","overlay-gradient":""}},"ast-content-background-meta":{"desktop":{"background-color":"var(--ast-global-color-5)","background-image":"","background-repeat":"repeat","background-position":"center center","background-size":"auto","background-attachment":"scroll","background-type":"","background-media":"","overlay-type":"","overlay-color":"","overlay-opacity":"","overlay-gradient":""},"tablet":{"background-color":"var(--ast-global-color-5)","background-image":"","background-repeat":"repeat","background-position":"center center","background-size":"auto","background-attachment":"scroll","background-type":"","background-media":"","overlay-type":"","overlay-color":"","overlay-opacity":"","overlay-gradient":""},"mobile":{"background-color":"var(--ast-global-color-5)","background-image":"","background-repeat":"repeat","background-position":"center center","background-size":"auto","background-attachment":"scroll","background-type":"","background-media":"","overlay-type":"","overlay-color":"","overlay-opacity":"","overlay-gradient":""}},"footnotes":""},"class_list":["post-1370","page","type-page","status-publish","hentry"],"aioseo_notices":[],"_links":{"self":[{"href":"https:\/\/innovaction.cloud\/index.php?rest_route=\/wp\/v2\/pages\/1370","targetHints":{"allow":["GET"]}}],"collection":[{"href":"https:\/\/innovaction.cloud\/index.php?rest_route=\/wp\/v2\/pages"}],"about":[{"href":"https:\/\/innovaction.cloud\/index.php?rest_route=\/wp\/v2\/types\/page"}],"author":[{"embeddable":true,"href":"https:\/\/innovaction.cloud\/index.php?rest_route=\/wp\/v2\/users\/1"}],"replies":[{"embeddable":true,"href":"https:\/\/innovaction.cloud\/index.php?rest_route=%2Fwp%2Fv2%2Fcomments&post=1370"}],"version-history":[{"count":121,"href":"https:\/\/innovaction.cloud\/index.php?rest_route=\/wp\/v2\/pages\/1370\/revisions"}],"predecessor-version":[{"id":2420,"href":"https:\/\/innovaction.cloud\/index.php?rest_route=\/wp\/v2\/pages\/1370\/revisions\/2420"}],"wp:attachment":[{"href":"https:\/\/innovaction.cloud\/index.php?rest_route=%2Fwp%2Fv2%2Fmedia&parent=1370"}],"curies":[{"name":"wp","href":"https:\/\/api.w.org\/{rel}","templated":true}]}}